{"id":349,"date":"2024-09-14T11:35:59","date_gmt":"2024-09-14T11:35:59","guid":{"rendered":"https:\/\/irregularteacher.com\/nosotros\/"},"modified":"2025-09-17T08:17:48","modified_gmt":"2025-09-17T08:17:48","slug":"nosotros","status":"publish","type":"page","link":"https:\/\/irregularteacher.com\/fr\/nosotros\/","title":{"rendered":"Nosotros"},"content":{"rendered":"<section class=\"header_15_2\" id=\"\" style=\"background-image:url('https:\/\/irregularteacher.com\/wp-content\/uploads\/2025\/09\/home500-2.jpg');\"\r\n    aria-label=\"\" data-block-id=\"69e0623f5ffdb69e0623f5ffdc\" data-block-name=\"acf\/header-15-2\" data-post-id=\"349\" data-stable-id=\"block_e6f162bbb6c02c861c1ed63bb6c7d6cf\">\r\n    <div class=\"mask\"><\/div>\r\n    <div class=\"container\" data-aos=\"fade-up\">\r\n        <div class=\"row\">\r\n            <div class=\"col \">\r\n                                <h1 class=\"tamano2 color-2-headings-light\">Aprende Ingl\u00e9s<\/h1>\r\n                                                <div class=\"texto tamano7 color-2-headings-light\"><p>Bienvenido a The Irregular Teacher, tu academia online de ingl\u00e9s. Adapta tus estudios a tu horario y objetivos. Clases para todas las edades y niveles, desde principiantes hasta avanzados. \u00a1S\u00edguenos en Instagram y TikTok para m\u00e1s consejos! Mejora tu ingl\u00e9s desde la comodidad de tu hogar.<\/p>\n<\/div>\r\n                            <\/div>\r\n        <\/div>\r\n    <\/div>\r\n<\/section>\r\n<style>\r\n    .header_15_2 .col {\r\n        max-width: 895px;\r\n    }\r\n\r\n    .header_15_2 .mask {\r\n        background: rgba(18, 18, 18, 0.50);\r\n        \/* background: rgba(255, 255, 255, 0.50); *\/\r\n        position: absolute;\r\n        top: 0;\r\n        left: 0;\r\n        width: 100%;\r\n        height: 100%;\r\n    }\r\n\r\n    .header_15_2 h1 {\r\n        padding-bottom: 25px;\r\n    }\r\n\r\n    .header_15_2 {\r\n        position: relative;\r\n        min-height: 500px;\r\n        background-position: center;\r\n        background-repeat: no-repeat;\r\n        background-size: cover;\r\n        padding: 150px 0;\r\n        display: flex;\r\n        align-items: center;\r\n        padding-top: 195px\r\n    }\r\n\r\n    .header_15_2-center {\r\n        text-align: center;\r\n        margin: 0 auto;\r\n    }\r\n\r\n    @media (max-width:992px) {\r\n        .header_15_2 {\r\n            padding: 100px 0;\r\n            min-height: auto;\r\n        }\r\n    }\r\n\r\n    @media (max-width:768px) {\r\n        .header_15_2 h1 {\r\n            line-height: var(--tamano3-line-height);\r\n        }\r\n\r\n        .header_15_2 {\r\n            padding: 180px 0 100px;\r\n        }\r\n    }\r\n<\/style>\r\n\n\n<section class=\"aboutus_14_2 background-1-dark\" id=\"\"\r\n    original-block-id=\"block_db3bffbd4e5428e71278ba1a3ea2c488\" data-block-id=\"69e0623f6245369e0623f62454\" data-block-name=\"acf\/about-us-14-2\" data-post-id=\"349\" data-stable-id=\"block_db3bffbd4e5428e71278ba1a3ea2c488\">\r\n    <div class=\"container\">\r\n        <div class=\"row\" data-aos=\"fade-up\">\r\n            <div class=\"col col-titulo\">\r\n                                <h2 class=\"titulo tamano2 color-2-headings-light\"><span class=\"ez-toc-section\" id=\"Aprender_ingles_con_The_Irregular_Teacher_Educacion_personalizada_online_para_todos\"><\/span>Aprender ingl\u00e9s con The Irregular Teacher: Educaci\u00f3n personalizada online para todos.<span class=\"ez-toc-section-end\"><\/span><\/h2>\r\n                            <\/div>\r\n            <div class=\"col col-down\">\r\n\r\n                \r\n                <div class=\"textos\">\r\n                                        <div class=\"texto color-2-body-light tamano7\">\r\n                        <p>En The Irregular Teacher, ofrecemos clases de ingl\u00e9s online adaptadas a todos los niveles y edades, desde principiantes hasta avanzados. Nuestro objetivo es proporcionar una educaci\u00f3n flexible y personalizada que se acomode a tus necesidades y objetivos. Con una metodolog\u00eda innovadora y recursos interactivos, te acompa\u00f1amos en tu camino hacia la fluidez. Nuestra academia se centra en crear un ambiente de aprendizaje inclusivo y estimulante, donde cada estudiante pueda desarrollarse a su propio ritmo.<\/p>\n                    <\/div>\r\n                    \r\n                                        <div class=\"texto color-2-body-light tamano7\">\r\n                        <p>Nuestro equipo de profesores altamente cualificados se compromete a ofrecer una ense\u00f1anza excepcional, adapt\u00e1ndose a los estilos de aprendizaje \u00fanicos de cada estudiante. En The Irregular Teacher, creemos que aprender ingl\u00e9s deber\u00eda ser accesible y divertido, por eso utilizamos tecnolog\u00eda avanzada y un enfoque din\u00e1mico. \u00danete a nuestra comunidad global de estudiantes y descubre el placer de aprender un nuevo idioma con confianza y comodidad desde tu hogar. S\u00edguenos en Instagram y TikTok para m\u00e1s contenido educativo.<\/p>\n                    <\/div>\r\n                                    <\/div>\r\n\r\n                                <div class=\"vermas tamano7 boton-4-texto-normal\">\r\n                    <span class=\"mas tamano7 boton-4-texto-normal\">Lire plus<\/span>\r\n                    <span class=\"menos hide tamano7 boton-4-texto-normal\">Lire moins<\/span>\r\n                    <svg width=\"13\" height=\"8\" viewBox=\"0 0 13 8\" fill=\"none\"\r\n                        xmlns=\"http:\/\/www.w3.org\/2000\/svg\">\r\n                        <path id=\"Vector 14\" d=\"M1 1L6.5 6.5L12 1\" stroke=\"currentColor\" stroke-width=\"1.5\" \/>\r\n                    <\/svg>\r\n                <\/div>\r\n                                \r\n                                    <a href=\"#\" target=\"\" class=\"btn-round tamano-7-mediumcta color-boton-3-texto-normal color-boton-3-texto-hover color-boton-3-normal color-boton-3-hover\">\r\n    \r\n    <span>Cont\u00e1ctanos<\/span>\r\n<\/a>\r\n\r\n<style>\r\n    .btn-border-rounded {\r\n        border-radius: 12px !important;\r\n    }\r\n\r\n    .btn-border-square {\r\n        border-radius: 0 !important;\r\n    }\r\n\r\n    \/* Estilos de hover *\/\r\n    .btn-hover-hover1:hover {\r\n        filter: contrast(0.55);\r\n    }\r\n\r\n    .btn-hover-hover2:hover {\r\n        filter: sepia(2);\r\n    }\r\n\r\n    \/* Estilos del icono cuando existe *\/\r\n    a i {\r\n        margin-right: 8px;\r\n        font-size: 16px;\r\n    }\r\n\r\n    \/* Icono Lucide *\/\r\n    .btn-icon--lucide {\r\n        display: inline-flex;\r\n        align-items: center;\r\n        justify-content: center;\r\n        margin-right: 8px;\r\n    }\r\n\r\n    .btn-icon--lucide svg {\r\n        width: 16px;\r\n        height: 16px;\r\n        display: block;\r\n    }\r\n<\/style>\r\n                            <\/div>\r\n        <\/div>\r\n    <\/div>\r\n<\/section>\r\n<style>\r\n    .aboutus_14_2 .vermas .hide {\r\n        display: none;\r\n    }\r\n\r\n    .aboutus_14_2 .vermas.show svg {\r\n        transform: rotate(180deg);\r\n    }\r\n\r\n    .aboutus_14_2 .vermas {\r\n        display: none;\r\n        margin-top: 20px;\r\n        align-items: center;\r\n        gap: 10px;\r\n        cursor: pointer;\r\n    }\r\n\r\n    .aboutus_14_2 .vermas span {\r\n        font-weight: var(--tamano5-font-weight);\r\n        color: var(--color-2-body-light);\r\n    }\r\n\r\n    .aboutus_14_2 .btn-round {\r\n        border-radius: 60px;\r\n        padding: 12px 25px !important;\r\n        display: inline-block;\r\n        min-width: 175px;\r\n        text-align: center;\r\n        text-decoration: none;\r\n        margin-top: 40px;\r\n    }\r\n\r\n    .aboutus_14_2 .texto {\r\n        display: flex;\r\n        flex-direction: column;\r\n        gap: 20px;\r\n    }\r\n\r\n    .aboutus_14_2 h2 {\r\n        padding-bottom: 55px;\r\n    }\r\n\r\n    .aboutus_14_2 .textos .texto {\r\n        width: 50%;\r\n    }\r\n\r\n    .aboutus_14_2 .textos {\r\n        display: flex;\r\n        gap: 30px;\r\n    }\r\n\r\n    .aboutus_14_2 {\r\n        position: relative;\r\n        background-position: center;\r\n        background-repeat: no-repeat;\r\n        background-size: cover;\r\n        padding: 81px 150px;\r\n        margin-top: -1px;\r\n    }\r\n\r\n    @media (max-width:1550px) {\r\n        .aboutus_14_2 {\r\n            padding-left: 50px;\r\n            padding-right: 50px;\r\n        }\r\n    }\r\n\r\n    @media (max-width:1200px) {\r\n        .aboutus_14_2 {\r\n            padding-left: 0;\r\n            padding-right: 0;\r\n        }\r\n    }\r\n\r\n    @media (max-width:992px) {\r\n        .aboutus_14_2 .textos {\r\n            flex-direction: column;\r\n            gap: 20px;\r\n        }\r\n\r\n        .aboutus_14_2 .textos .texto {\r\n            width: 100%;\r\n        }\r\n\r\n        .aboutus_14_2 h2 {\r\n            padding-bottom: 35px;\r\n        }\r\n\r\n        .aboutus_14_2 {\r\n            padding: 40px 0;\r\n        }\r\n    }\r\n\r\n    @media (max-width:768px) {\r\n\r\n        .aboutus_14_2 .textos .texto:first-child p:not(:first-child),\r\n        .aboutus_14_2 .textos .texto:nth-child(2) {\r\n            display: none;\r\n        }\r\n\r\n        .aboutus_14_2 .textos .texto:first-child.show p:not(:first-child),\r\n        .aboutus_14_2 .textos .texto:nth-child(2).show {\r\n            display: block;\r\n        }\r\n\r\n        .aboutus_14_2 .vermas {\r\n            display: flex;\r\n            width: max-content;\r\n        }\r\n\r\n        .aboutus_14_2 h2 {\r\n            line-height: var(--tamano5-line-height);\r\n        }\r\n    }\r\n<\/style>\r\n<script>\r\n    jQuery(document).ready(function($) {\r\n        const $instance = $('.aboutus_14_2[original-block-id=\"block_db3bffbd4e5428e71278ba1a3ea2c488\"]');\r\n\r\n        if (!$instance.length) return;\r\n\r\n        $instance.on('click', '.vermas', function() {\r\n            if (window.matchMedia(\"(max-width: 768px)\").matches) {\r\n                const $vermas = $(this);\r\n                const $textos = $instance.find('.texto');\r\n\r\n                $textos.toggleClass('show');\r\n                $vermas.toggleClass('show');\r\n                $vermas.find('span').toggleClass('hide');\r\n            }\r\n        });\r\n    });\r\n<\/script>\r\n\n\n<section class=\"about_ecommerce_curvy1_2_2 background-1-dark\" id=\"\" data-block-id=\"69e0623f63c6e69e0623f63c6f\" data-block-name=\"acf\/about-ecommerce-curvy1-2-2\" data-post-id=\"349\" data-stable-id=\"block_defa1a4bd6b9c2f1f114418afb43212c\">\r\n    <div class=\"container\">\r\n        <div class=\"row\">\r\n            <div class=\"col col-imagen\">\r\n                                <img decoding=\"async\" src=\"https:\/\/irregularteacher.com\/wp-content\/uploads\/2025\/09\/libro-de-ingles-con-gafas-en-la-mesa-scaled.jpg\" alt=\"\" title=\"libro-de-ingles-con-gafas-en-la-mesa\">\r\n                            <\/div>\r\n            <div class=\"col col-texto\">\r\n                                                                <h3 class=\"tamano4 color-2-headings-light\">Tu academia de ingl\u00e9s online<\/h3>\r\n                                                <div class=\"texto tamano7 color-2-body-light\"><p>Aprende ingl\u00e9s a tu ritmo con The Irregular Teacher. Clases virtuales para todas las edades y niveles. Mejora tu futuro con nosotros hoy.<\/p>\n<\/div>\r\n                                                                <h3 class=\"tamano4 color-2-headings-light\">Aprende Ingl\u00e9s de Forma Irregular<\/h3>\r\n                                                <div class=\"texto tamano7 color-2-body-light\"><p>Academia online para dominar el ingl\u00e9s en cualquier nivel y con flexibilidad. Con\u00e9ctate con nosotros en Instagram y Tiktok como theirregularteacher.<\/p>\n<\/div>\r\n                                                                <h3 class=\"tamano4 color-2-headings-light\">Ingl\u00e9s online para todos<\/h3>\r\n                                                <div class=\"texto tamano7 color-2-body-light\"><p>Aprende ingl\u00e9s desde casa con expertos. Cursos para todas las edades y niveles. Desc\u00fabrenos en Instagram y Tiktok como theirregularteacher.<\/p>\n<\/div>\r\n                                                            <\/div>\r\n        <\/div>\r\n    <\/div>\r\n<\/section>\r\n<style>\r\n    .about_ecommerce_curvy1_2_2 .row .col-texto h3 {\r\n        padding-bottom: 10px;\r\n    }\r\n\r\n    .about_ecommerce_curvy1_2_2 .row .col-texto {\r\n        max-width: 40%;\r\n        width: 100%;\r\n    }\r\n\r\n    .about_ecommerce_curvy1_2_2 .row {\r\n        display: flex;\r\n        flex-direction: row;\r\n        justify-content: space-between;\r\n        align-items: center;\r\n    }\r\n\r\n    .about_ecommerce_curvy1_2_2 .texto *:last-child {\r\n        padding-bottom: 0;\r\n    }\r\n\r\n    .about_ecommerce_curvy1_2_2 .col-imagen {\r\n        max-width: 50%;\r\n        width: 100%;\r\n    }\r\n\r\n    .about_ecommerce_curvy1_2_2 img {\r\n        width: 100%;\r\n        border-radius: 30px;\r\n    }\r\n    \r\n    .about_ecommerce_curvy1_2_2 .texto:not(:last-child) {\r\n        padding-bottom: 50px;\r\n    }\r\n\r\n    .about_ecommerce_curvy1_2_2 .texto * {\r\n        padding-bottom: 20px;\r\n    }\r\n\r\n    .about_ecommerce_curvy1_2_2 {\r\n        padding: 80px 150px;\r\n        position: relative;\r\n    }\r\n\r\n    @media (max-width:1750px) {\r\n        .about_ecommerce_curvy1_2_2 {\r\n            padding-left: 50px;\r\n            padding-right: 50px;\r\n        }\r\n    }\r\n\r\n    @media (max-width:1350px) {\r\n        .about_ecommerce_curvy1_2_2 .row .col-texto {\r\n            max-width: 50%;\r\n        }\r\n\r\n        .about_ecommerce_curvy1_2_2 {\r\n            padding-left: 0;\r\n            padding-right: 0;\r\n        }\r\n    }\r\n\r\n    @media (max-width:992px) {\r\n        .about_ecommerce_curvy1_2_2 .texto {\r\n            padding-bottom: 35px;\r\n        }\r\n\r\n        .about_ecommerce_curvy1_2_2 .row .col-texto,\r\n        .about_ecommerce_curvy1_2_2 .col-imagen {\r\n            max-width: 100%;\r\n        }\r\n\r\n        .about_ecommerce_curvy1_2_2 .row {\r\n            flex-direction: column;\r\n            gap: 35px;\r\n        }\r\n\r\n        .about_ecommerce_curvy1_2_2 .row .col-texto {\r\n            max-width: 100%;\r\n        }\r\n\r\n        .about_ecommerce_curvy1_2_2 {\r\n            padding: 40px 0;\r\n        }\r\n    }\r\n<\/style>\r\n\n\n<section class=\"cta_curvy1_3_2_2 background-1-dark\" id=\"\" data-block-id=\"69e0623f6735669e0623f67358\" data-block-name=\"acf\/cta-curvy1-3-2-2\" data-post-id=\"349\" data-stable-id=\"block_a03785e2f8016c6e70fdcc4dd1c33cd4\">\r\n    <div class=\"container\">\r\n        <div class=\"row\">\r\n            <div class=\"col\">\r\n                <div class=\"inner background-1-light\">\r\n                                        <div class=\"titulo\">\r\n                        <h2 class=\"tamano3 color-1-headings-dark\"><span class=\"ez-toc-section\" id=\"Aprende_ingles_ya\"><\/span>Aprende ingl\u00e9s ya<span class=\"ez-toc-section-end\"><\/span><\/h2>\r\n                    <\/div>\r\n                                                            <div class=\"texto color-1-body-dark tamano7\"><p>Domina el ingl\u00e9s sin complicaciones. Clases online adaptadas a tu ritmo, edad y nivel. \u00a1\u00danete a nuestra comunidad y transforma tu futuro!<\/p>\n<\/div>\r\n                    \r\n                                            <div class=\"ctas\">\r\n                                                            <a href=\"#\" target=\"\" class=\"btn-round tamano-7-mediumcta color-boton-1-texto-normal color-boton-1-texto-hover color-boton-1-normal color-boton-1-hover\">\r\n    \r\n    <span>Aprende m\u00e1s<\/span>\r\n<\/a>\r\n\r\n<style>\r\n    .btn-border-rounded {\r\n        border-radius: 12px !important;\r\n    }\r\n\r\n    .btn-border-square {\r\n        border-radius: 0 !important;\r\n    }\r\n\r\n    \/* Estilos de hover *\/\r\n    .btn-hover-hover1:hover {\r\n        filter: contrast(0.55);\r\n    }\r\n\r\n    .btn-hover-hover2:hover {\r\n        filter: sepia(2);\r\n    }\r\n\r\n    \/* Estilos del icono cuando existe *\/\r\n    a i {\r\n        margin-right: 8px;\r\n        font-size: 16px;\r\n    }\r\n\r\n    \/* Icono Lucide *\/\r\n    .btn-icon--lucide {\r\n        display: inline-flex;\r\n        align-items: center;\r\n        justify-content: center;\r\n        margin-right: 8px;\r\n    }\r\n\r\n    .btn-icon--lucide svg {\r\n        width: 16px;\r\n        height: 16px;\r\n        display: block;\r\n    }\r\n<\/style>\r\n                                                    <\/div>\r\n                                    <\/div>\r\n            <\/div>\r\n        <\/div>\r\n    <\/div>\r\n<\/section>\r\n<style>\r\n    .cta_curvy1_3_2_2 .inner {\r\n        display: flex;\r\n        gap: 30px;\r\n        border-radius: 30px;\r\n        align-items: center;\r\n        padding: 55px 150px;\r\n        justify-content: space-between;\r\n    }\r\n\r\n     .cta_curvy1_3_2_2 .titulo {\r\n        max-width: 430px;\r\n        width: 100%;\r\n    }\r\n\r\n    .cta_curvy1_3_2_2 .texto {\r\n        max-width: 660px;\r\n        text-align: left;\r\n        width: 100%;\r\n    }\r\n\r\n    .cta_curvy1_3_2_2 {\r\n        padding: 80px 0;\r\n        position: relative;\r\n    }\r\n\r\n    .cta_curvy1_3_2_2 .btn-round {\r\n        border-radius: 60px;\r\n        padding: 15px 30px;\r\n        display: inline-block;\r\n        text-align: center;\r\n        transition: all ease .3s;\r\n        text-decoration: none;\r\n        min-width: 278px;\r\n        display: flex;\r\n        align-items: center;\r\n        justify-content: center;\r\n    }\r\n\r\n    @media (max-width:1750px) {\r\n        .cta_curvy1_3_2_2 .texto {\r\n            max-width: 500px;\r\n        }\r\n    }\r\n\r\n    @media (max-width:1600px) {\r\n        .cta_curvy1_3_2_2 .inner {\r\n            padding-left: 50px;\r\n            padding-right: 50px;\r\n        }\r\n    }\r\n\r\n    @media (max-width:1400px) {\r\n        .cta_curvy1_3_2_2 .texto {\r\n            max-width: 100%;\r\n        }\r\n\r\n        .cta_curvy1_3_2_2 .titulo {\r\n            width: 100%;\r\n        }\r\n    }\r\n\r\n    @media (max-width:1200px) {\r\n        .cta_curvy1_3_2_2 .inner {\r\n            padding-left: 15px;\r\n            padding-right: 15px;\r\n        }\r\n    }\r\n\r\n    @media (max-width:992px) {\r\n        .cta_curvy1_3_2_2 .col .inner {\r\n            border-radius: 30px;\r\n            flex-direction: column;\r\n            align-items: center;\r\n            justify-content: center;\r\n        }\r\n\r\n         .cta_curvy1_3_2_2 .col .inner>* {\r\n            width: 100%;\r\n            max-width: 100%;\r\n            text-align: center;\r\n        }\r\n\r\n        .cta_curvy1_3_2_2 .col .ctas {\r\n            display: flex;\r\n            align-items: center;\r\n            justify-content: center;\r\n        }\r\n\r\n        .cta_curvy1_3_2_2 .col {\r\n            flex-direction: column;\r\n            justify-content: center;\r\n            align-items: center;\r\n        }\r\n\r\n        .cta_curvy1_3_2_2 {\r\n            padding: 40px 0;\r\n        }\r\n    }\r\n<\/style>\r\n","protected":false},"excerpt":{"rendered":"","protected":false},"author":1,"featured_media":0,"parent":0,"menu_order":0,"comment_status":"open","ping_status":"closed","template":"","meta":{"_acf_changed":false,"iawp_total_views":0,"footnotes":""},"class_list":["post-349","page","type-page","status-publish","hentry"],"acf":[],"yoast_head":"<!-- This site is optimized with the Yoast SEO plugin v27.4 - https:\/\/yoast.com\/product\/yoast-seo-wordpress\/ -->\n<title>Nosotros - The Irregular Teacher<\/title>\n<meta name=\"robots\" content=\"index, follow, max-snippet:-1, max-image-preview:large, max-video-preview:-1\" \/>\n<link rel=\"canonical\" href=\"https:\/\/irregularteacher.com\/fr\/nosotros\/\" \/>\n<meta property=\"og:locale\" content=\"fr_FR\" \/>\n<meta property=\"og:type\" content=\"article\" \/>\n<meta property=\"og:title\" content=\"Nosotros - The Irregular Teacher\" \/>\n<meta property=\"og:url\" content=\"https:\/\/irregularteacher.com\/fr\/nosotros\/\" \/>\n<meta property=\"og:site_name\" content=\"The Irregular Teacher\" \/>\n<meta property=\"article:modified_time\" content=\"2025-09-17T08:17:48+00:00\" \/>\n<meta name=\"twitter:card\" content=\"summary_large_image\" \/>\n<!-- \/ Yoast SEO plugin. -->","yoast_head_json":{"title":"Nosotros - The Irregular Teacher","robots":{"index":"index","follow":"follow","max-snippet":"max-snippet:-1","max-image-preview":"max-image-preview:large","max-video-preview":"max-video-preview:-1"},"canonical":"https:\/\/irregularteacher.com\/fr\/nosotros\/","og_locale":"fr_FR","og_type":"article","og_title":"Nosotros - The Irregular Teacher","og_url":"https:\/\/irregularteacher.com\/fr\/nosotros\/","og_site_name":"The Irregular Teacher","article_modified_time":"2025-09-17T08:17:48+00:00","twitter_card":"summary_large_image","schema":{"@context":"https:\/\/schema.org","@graph":[{"@type":"WebPage","@id":"https:\/\/irregularteacher.com\/fr\/nosotros\/","url":"https:\/\/irregularteacher.com\/fr\/nosotros\/","name":"Nosotros - The Irregular Teacher","isPartOf":{"@id":"https:\/\/irregularteacher.com\/fr\/#website"},"datePublished":"2024-09-14T11:35:59+00:00","dateModified":"2025-09-17T08:17:48+00:00","breadcrumb":{"@id":"https:\/\/irregularteacher.com\/fr\/nosotros\/#breadcrumb"},"inLanguage":"fr-FR","potentialAction":[{"@type":"ReadAction","target":["https:\/\/irregularteacher.com\/fr\/nosotros\/"]}]},{"@type":"BreadcrumbList","@id":"https:\/\/irregularteacher.com\/fr\/nosotros\/#breadcrumb","itemListElement":[{"@type":"ListItem","position":1,"name":"Portada","item":"https:\/\/irregularteacher.com\/fr\/"},{"@type":"ListItem","position":2,"name":"Nosotros"}]},{"@type":"WebSite","@id":"https:\/\/irregularteacher.com\/fr\/#website","url":"https:\/\/irregularteacher.com\/fr\/","name":"The Irregular Teacher","description":"","publisher":{"@id":"https:\/\/irregularteacher.com\/fr\/#organization"},"potentialAction":[{"@type":"SearchAction","target":{"@type":"EntryPoint","urlTemplate":"https:\/\/irregularteacher.com\/fr\/?s={search_term_string}"},"query-input":{"@type":"PropertyValueSpecification","valueRequired":true,"valueName":"search_term_string"}}],"inLanguage":"fr-FR"},{"@type":"Organization","@id":"https:\/\/irregularteacher.com\/fr\/#organization","name":"The Irregular Teacher","url":"https:\/\/irregularteacher.com\/fr\/","logo":{"@type":"ImageObject","inLanguage":"fr-FR","@id":"https:\/\/irregularteacher.com\/fr\/#\/schema\/logo\/image\/","url":"https:\/\/irregularteacher.com\/wp-content\/uploads\/2024\/09\/66e56c3a0ccca_IMAGEN-THEIRREGULARTEACHER.png","contentUrl":"https:\/\/irregularteacher.com\/wp-content\/uploads\/2024\/09\/66e56c3a0ccca_IMAGEN-THEIRREGULARTEACHER.png","width":799,"height":799,"caption":"The Irregular Teacher"},"image":{"@id":"https:\/\/irregularteacher.com\/fr\/#\/schema\/logo\/image\/"}}]}},"_links":{"self":[{"href":"https:\/\/irregularteacher.com\/fr\/wp-json\/wp\/v2\/pages\/349","targetHints":{"allow":["GET"]}}],"collection":[{"href":"https:\/\/irregularteacher.com\/fr\/wp-json\/wp\/v2\/pages"}],"about":[{"href":"https:\/\/irregularteacher.com\/fr\/wp-json\/wp\/v2\/types\/page"}],"author":[{"embeddable":true,"href":"https:\/\/irregularteacher.com\/fr\/wp-json\/wp\/v2\/users\/1"}],"replies":[{"embeddable":true,"href":"https:\/\/irregularteacher.com\/fr\/wp-json\/wp\/v2\/comments?post=349"}],"version-history":[{"count":9,"href":"https:\/\/irregularteacher.com\/fr\/wp-json\/wp\/v2\/pages\/349\/revisions"}],"predecessor-version":[{"id":1754,"href":"https:\/\/irregularteacher.com\/fr\/wp-json\/wp\/v2\/pages\/349\/revisions\/1754"}],"wp:attachment":[{"href":"https:\/\/irregularteacher.com\/fr\/wp-json\/wp\/v2\/media?parent=349"}],"curies":[{"name":"wp","href":"https:\/\/api.w.org\/{rel}","templated":true}]}}