{"id":348,"date":"2024-09-14T11:36:15","date_gmt":"2024-09-14T11:36:15","guid":{"rendered":"https:\/\/irregularteacher.com\/servicios\/"},"modified":"2025-09-12T14:56:09","modified_gmt":"2025-09-12T14:56:09","slug":"servicios","status":"publish","type":"page","link":"https:\/\/irregularteacher.com\/fr\/servicios\/","title":{"rendered":"Servicios"},"content":{"rendered":"<section class=\"header_15_4 background-1-light\" id=\"\" data-block-id=\"69e0760c0602169e0760c06023\" data-block-name=\"acf\/header-15-4\" data-post-id=\"348\" data-stable-id=\"block_bcfa6495fa4c12f245302696d4aee936\">\r\n    <div class=\"container\" data-aos=\"fade-up\">\r\n        <div class=\"row\">\r\n            <div class=\"col header_15_4-center\">\r\n                                <h1 class=\"tamano2 color-3-headings-dark\">Servicios<\/h1>\r\n                                            <\/div>\r\n        <\/div>\r\n    <\/div>\r\n<\/section>\r\n<style>\r\n    .header_15_4 .col {\r\n        max-width: 895px;\r\n    }\r\n\r\n    .header_15_4 .mask {\r\n        background: rgba(18, 18, 18, 0.50);\r\n        position: absolute;\r\n        top: 0;\r\n        left: 0;\r\n        width: 100%;\r\n        height: 100%;\r\n    }\r\n\r\n    .header_15_4 h1 {\r\n        padding-bottom: 25px;\r\n    }\r\n\r\n    .header_15_4 {\r\n        position: relative;\r\n        min-height: 500px;\r\n        padding: 150px 0;\r\n        display: flex;\r\n        align-items: center;\r\n        padding-top: 195px\r\n    }\r\n\r\n    .header_15_4-center {\r\n        text-align: center;\r\n        margin: 0 auto;\r\n    }\r\n\r\n    @media (max-width:992px) {\r\n        .header_15_4 {\r\n            padding: 100px 0;\r\n            min-height: auto;\r\n        }\r\n    }\r\n\r\n    @media (max-width:768px) {\r\n        .header_15_4 h1 {\r\n            line-height: var(--tamano3-line-height);\r\n        }\r\n    }\r\n<\/style>\r\n<section class=\"services_curvy1_13_3_1 background-1-light\" id=\"\" data-block-id=\"69e0760c0854869e0760c08549\" data-block-name=\"acf\/services-curvy1-13-3-1\" data-post-id=\"348\" data-stable-id=\"block_27fba385c0302906f27822de67e1abbd\">\r\n    <div class=\"container\">\r\n        <div class=\"row\">\r\n            <div class=\"col\">\r\n                                            <\/div>\r\n        <\/div>\r\n        <div class=\"row row-servicios\">\r\n            <div class=\"col col-servicios\">\r\n                                                                                    <a class=\"servicio-item\" href=\"https:\/\/irregularteacher.com\/fr\/servicios\/clases-de-conversacion\/\">\r\n\r\n                            <div class=\"imagencont\">\r\n                                <div class=\"imagen\" style=\"background-image:url('https:\/\/irregularteacher.com\/wp-content\/uploads\/2025\/09\/libro-de-ingles-con-gafas-en-la-mesa-scaled.jpg');\"\r\n                                    aria-label=\"\"><\/div>\r\n                            <\/div>\r\n                                                        <h3 class=\"tamano4 color-1-headings-dark\">Clases de conversaci\u00f3n<\/h3>\r\n                                                                                    <div class=\"texto tamano7 color-1-body-dark\">\r\n                                <p>The Irregular Teacher, academia online, ofrece cursos de ingl\u00e9s personalizables para todas las edades y niveles. Aprende desde casa con profesores cualificados. Sigue nuestras redes sociales en Instagram y TikTok para m\u00e1s recursos y consejos para mejorar tu ingl\u00e9s d\u00eda a d\u00eda.<\/p>\n                            <\/div>\r\n                                                    <\/a>\r\n                                                                    <a class=\"servicio-item\" href=\"https:\/\/irregularteacher.com\/fr\/servicios\/business-english\/\">\r\n\r\n                            <div class=\"imagencont\">\r\n                                <div class=\"imagen\" style=\"background-image:url('https:\/\/irregularteacher.com\/wp-content\/uploads\/2025\/09\/chica-de-tiro-medio-con-laptop-y-auriculares-estudiando-scaled.jpg');\"\r\n                                    aria-label=\"\"><\/div>\r\n                            <\/div>\r\n                                                        <h3 class=\"tamano4 color-1-headings-dark\">Business English<\/h3>\r\n                                                                                    <div class=\"texto tamano7 color-1-body-dark\">\r\n                                <p>Descubre The Irregular Teacher, tu academia de ingl\u00e9s online adaptada a todas las edades y niveles. Mejora tu ingl\u00e9s con clases personalizadas seg\u00fan tus objetivos. Encu\u00e9ntranos en Instagram y TikTok como theirregularteacher. Aprende ingl\u00e9s de manera flexible y efectiva desde la comodidad de tu hogar.<\/p>\n                            <\/div>\r\n                                                    <\/a>\r\n                                                                    <a class=\"servicio-item\" href=\"https:\/\/irregularteacher.com\/fr\/servicios\/preparacion-examenes-oficiales\/\">\r\n\r\n                            <div class=\"imagencont\">\r\n                                <div class=\"imagen\" style=\"background-image:url('https:\/\/irregularteacher.com\/wp-content\/uploads\/2025\/09\/pilas-de-libros-de-ingles-en-la-mesa-del-espacio-de-trabajo-scaled.jpg');\"\r\n                                    aria-label=\"\"><\/div>\r\n                            <\/div>\r\n                                                        <h3 class=\"tamano4 color-1-headings-dark\">Preparaci\u00f3n Ex\u00e1menes Oficiales<\/h3>\r\n                                                                                    <div class=\"texto tamano7 color-1-body-dark\">\r\n                                <p>The Irregular Teacher ofrece clases de ingl\u00e9s online adaptadas a todas las edades, niveles y metas. Mejora tu ingl\u00e9s con nosotros desde tu casa. S\u00edguenos en Instagram y Tiktok para m\u00e1s novedades. Aprende ingl\u00e9s de manera flexible y personalizada, potenciando tus habilidades ling\u00fc\u00edsticas de forma efectiva.<\/p>\n                            <\/div>\r\n                                                    <\/a>\r\n                                        <\/div>\r\n    <\/div>\r\n    <\/section>\r\n<style>\r\n    .services_curvy1_13_3_1 .col-cta {\r\n        text-align: center;\r\n    }\r\n\r\n    .services_curvy1_13_3_1 .btn-round {\r\n        border-radius: 60px;\r\n        padding: 12px 25px;\r\n        display: inline-block;\r\n        margin-top: 55px;\r\n        min-width: 175px;\r\n        text-align: center;\r\n        transition: all ease .3s;\r\n        text-decoration: none;\r\n        transform: none;\r\n    }\r\n\r\n     .services_curvy1_13_3_1 .servicio-item h3 {\r\n        padding-bottom: 20px;\r\n    }\r\n\r\n    .services_curvy1_13_3_1 .col-servicios {\r\n        display: flex;\r\n        gap: 30px;\r\n        flex-wrap: wrap;\r\n        row-gap: 60px;\r\n        justify-content: center;\r\n    }\r\n\r\n    .services_curvy1_13_3_1 .servicio-item {\r\n        text-decoration: none;\r\n        width: calc(33.33% - 20px);\r\n    }\r\n\r\n    .services_curvy1_13_3_1 .servicio-item .imagencont {\r\n        margin-bottom: 24px;\r\n        overflow: hidden;\r\n        border-radius: 30px;\r\n    }\r\n\r\n    .services_curvy1_13_3_1 .servicio-item:hover .imagen {\r\n        transform: scale(1.1);\r\n    }\r\n\r\n    .services_curvy1_13_3_1 .servicio-item .imagen {\r\n        transform: none;\r\n        transition: all ease .3s;\r\n        aspect-ratio: 480 \/ 333;\r\n        width: 100%;\r\n        height: auto;\r\n        background-position: center;\r\n        background-repeat: no-repeat;\r\n        background-size: cover;\r\n        border-radius: 30px;\r\n    }\r\n\r\n     .services_curvy1_13_3_1 .servicio-item .imagencont .video {\r\n        width: 100%;\r\n        height: 100%;\r\n        overflow: hidden;\r\n        border-radius: 30px;\r\n        position: relative;\r\n        padding-bottom: 69.2%;\r\n    }\r\n\r\n     .services_curvy1_13_3_1 .servicio-item .imagencont .video iframe {\r\n        width: 100%;\r\n        height: 100%;\r\n        border: none;\r\n        position: absolute;\r\n        top: 0;\r\n        left: 0;\r\n    }\r\n\r\n    .services_curvy1_13_3_1 h2 {\r\n        padding-bottom: 30px;\r\n        max-width: 585px;\r\n        margin: 0 auto;\r\n        text-align: center;\r\n    }\r\n\r\n    .services_curvy1_13_3_1 .texto-top {\r\n        padding-bottom: 60px;\r\n        max-width: 895px;\r\n        margin: 0 auto;\r\n        text-align: center;\r\n    }\r\n\r\n    .services_curvy1_13_3_1 .servicio-item .texto ol,\r\n    .services_curvy1_13_3_1 .servicio-item .texto ul {\r\n        padding-left: 20px;\r\n    }\r\n\r\n    .services_curvy1_13_3_1 {\r\n        padding: 80px 150px;\r\n    }\r\n\r\n    @media (max-width:1550px) {\r\n\r\n        .services_curvy1_13_3_1 {\r\n            padding: 80px 50px;\r\n        }\r\n    }\r\n\r\n    @media (max-width:1350px) {\r\n        .services_curvy1_13_3_1 {\r\n            padding: 80px 0px;\r\n        }\r\n    }\r\n\r\n    @media (max-width:1200px) {\r\n        .services_curvy1_13_3_1 .servicio-item {\r\n            width: calc(50% - 15px);\r\n        }\r\n    }\r\n\r\n    @media (max-width:992px) {\r\n        .services_curvy1_13_3_1 .col-servicios {\r\n            row-gap: 30px;\r\n        }\r\n\r\n        .services_curvy1_13_3_1 h2 {\r\n            padding-bottom: 20px;\r\n        }\r\n\r\n        .services_curvy1_13_3_1 .texto-top {\r\n            padding-bottom: 35px;\r\n        }\r\n\r\n        .services_curvy1_13_3_1 {\r\n            padding: 40px 0;\r\n        }\r\n    }\r\n\r\n    @media (max-width:768px) {\r\n        .services_curvy1_13_3_1 .servicio-item {\r\n            width: 100%;\r\n        }\r\n\r\n        .services_curvy1_13_3_1 .servicio-item .imagencont .video iframe {\r\n            min-height: 310px;\r\n        }\r\n    }\r\n<\/style>\r\n<section class=\"cta_curvy1_3_1_2 background-1-light\" id=\"\" data-block-id=\"69e0760c0fb6569e0760c0fb66\" data-block-name=\"acf\/cta-curvy1-3-1-2\" data-post-id=\"348\" data-stable-id=\"block_6f240a54fc622a4cf9b677677fa2028d\">\r\n    <div class=\"container\">\r\n        <div class=\"row\">\r\n            <div class=\"col\">\r\n                <div class=\"inner background-1-dark\">\r\n                                                                            <\/div>\r\n            <\/div>\r\n        <\/div>\r\n    <\/div>\r\n<\/section>\r\n<style>\r\n    .cta_curvy1_3_1_2 .inner {\r\n        display: flex;\r\n        gap: 30px;\r\n        border-radius: 30px;\r\n        align-items: center;\r\n        padding: 55px 150px;\r\n        justify-content: space-between;\r\n    }\r\n\r\n     .cta_curvy1_3_1_2 .titulo {\r\n        max-width: 430px;\r\n        width: 100%;\r\n    }\r\n\r\n    .cta_curvy1_3_1_2 .texto {\r\n        max-width: 660px;\r\n        text-align: left;\r\n        width: 100%;\r\n    }\r\n\r\n    .cta_curvy1_3_1_2 {\r\n        padding: 80px 0;\r\n        position: relative;\r\n    }\r\n\r\n    .cta_curvy1_3_1_2 .btn-round {\r\n        border-radius: 60px;\r\n        padding: 15px 30px;\r\n        display: inline-block;\r\n        text-align: center;\r\n        transition: all ease .3s;\r\n        text-decoration: none;\r\n        min-width: 278px;\r\n        display: flex;\r\n        align-items: center;\r\n        justify-content: center;\r\n    }\r\n\r\n    @media (max-width:1750px) {\r\n        .cta_curvy1_3_1_2 .texto {\r\n            max-width: 500px;\r\n        }\r\n    }\r\n\r\n    @media (max-width:1600px) {\r\n        .cta_curvy1_3_1_2 .inner {\r\n            padding-left: 50px;\r\n            padding-right: 50px;\r\n        }\r\n    }\r\n\r\n    @media (max-width:1400px) {\r\n        .cta_curvy1_3_1_2 .texto {\r\n            max-width: 100%;\r\n        }\r\n\r\n        .cta_curvy1_3_1_2 .titulo {\r\n            width: 100%;\r\n        }\r\n    }\r\n\r\n    @media (max-width:1200px) {\r\n        .cta_curvy1_3_1_2 .inner {\r\n            padding-left: 15px;\r\n            padding-right: 15px;\r\n        }\r\n    }\r\n\r\n    @media (max-width:992px) {\r\n        .cta_curvy1_3_1_2 .col .inner {\r\n            border-radius: 30px;\r\n            flex-direction: column;\r\n            align-items: center;\r\n            justify-content: center;\r\n        }\r\n\r\n         .cta_curvy1_3_1_2 .col .inner>* {\r\n            width: 100%;\r\n            max-width: 100%;\r\n            text-align: left;\r\n        }\r\n\r\n        .cta_curvy1_3_1_2 .inner {\r\n            padding: 33px 23px;\r\n        }\r\n\r\n        .cta_curvy1_3_1_2 .col .ctas {\r\n            display: flex;\r\n            align-items: center;\r\n            justify-content: start;\r\n        }\r\n\r\n        .cta_curvy1_3_1_2 .col {\r\n            flex-direction: column;\r\n            justify-content: center;\r\n            align-items: center;\r\n        }\r\n\r\n        .cta_curvy1_3_1_2 {\r\n            padding: 40px 0;\r\n        }\r\n\r\n        .cta_curvy1_3_1_2 .btn-round {\r\n            min-width: 240px\r\n        }\r\n\r\n        .cta_curvy1_3_1_2 .titulo h2 {\r\n            line-height: var(--tamano5-line-height);\r\n        }\r\n    }\r\n<\/style>\r\n","protected":false},"excerpt":{"rendered":"","protected":false},"author":1,"featured_media":0,"parent":0,"menu_order":0,"comment_status":"open","ping_status":"closed","template":"","meta":{"_acf_changed":false,"iawp_total_views":0,"footnotes":""},"class_list":["post-348","page","type-page","status-publish","hentry"],"acf":[],"yoast_head":"<!-- This site is optimized with the Yoast SEO plugin v27.4 - https:\/\/yoast.com\/product\/yoast-seo-wordpress\/ -->\n<title>Servicios - The Irregular Teacher<\/title>\n<meta name=\"robots\" content=\"index, follow, max-snippet:-1, max-image-preview:large, max-video-preview:-1\" \/>\n<link rel=\"canonical\" href=\"https:\/\/irregularteacher.com\/fr\/servicios\/\" \/>\n<meta property=\"og:locale\" content=\"fr_FR\" \/>\n<meta property=\"og:type\" content=\"article\" \/>\n<meta property=\"og:title\" content=\"Servicios - The Irregular Teacher\" \/>\n<meta property=\"og:url\" content=\"https:\/\/irregularteacher.com\/fr\/servicios\/\" \/>\n<meta property=\"og:site_name\" content=\"The Irregular Teacher\" \/>\n<meta property=\"article:modified_time\" content=\"2025-09-12T14:56:09+00:00\" \/>\n<meta name=\"twitter:card\" content=\"summary_large_image\" \/>\n<!-- \/ Yoast SEO plugin. -->","yoast_head_json":{"title":"Servicios - The Irregular Teacher","robots":{"index":"index","follow":"follow","max-snippet":"max-snippet:-1","max-image-preview":"max-image-preview:large","max-video-preview":"max-video-preview:-1"},"canonical":"https:\/\/irregularteacher.com\/fr\/servicios\/","og_locale":"fr_FR","og_type":"article","og_title":"Servicios - The Irregular Teacher","og_url":"https:\/\/irregularteacher.com\/fr\/servicios\/","og_site_name":"The Irregular Teacher","article_modified_time":"2025-09-12T14:56:09+00:00","twitter_card":"summary_large_image","schema":{"@context":"https:\/\/schema.org","@graph":[{"@type":"WebPage","@id":"https:\/\/irregularteacher.com\/fr\/servicios\/","url":"https:\/\/irregularteacher.com\/fr\/servicios\/","name":"Servicios - The Irregular Teacher","isPartOf":{"@id":"https:\/\/irregularteacher.com\/fr\/#website"},"datePublished":"2024-09-14T11:36:15+00:00","dateModified":"2025-09-12T14:56:09+00:00","breadcrumb":{"@id":"https:\/\/irregularteacher.com\/fr\/servicios\/#breadcrumb"},"inLanguage":"fr-FR","potentialAction":[{"@type":"ReadAction","target":["https:\/\/irregularteacher.com\/fr\/servicios\/"]}]},{"@type":"BreadcrumbList","@id":"https:\/\/irregularteacher.com\/fr\/servicios\/#breadcrumb","itemListElement":[{"@type":"ListItem","position":1,"name":"Portada","item":"https:\/\/irregularteacher.com\/fr\/"},{"@type":"ListItem","position":2,"name":"Servicios"}]},{"@type":"WebSite","@id":"https:\/\/irregularteacher.com\/fr\/#website","url":"https:\/\/irregularteacher.com\/fr\/","name":"The Irregular Teacher","description":"","publisher":{"@id":"https:\/\/irregularteacher.com\/fr\/#organization"},"potentialAction":[{"@type":"SearchAction","target":{"@type":"EntryPoint","urlTemplate":"https:\/\/irregularteacher.com\/fr\/?s={search_term_string}"},"query-input":{"@type":"PropertyValueSpecification","valueRequired":true,"valueName":"search_term_string"}}],"inLanguage":"fr-FR"},{"@type":"Organization","@id":"https:\/\/irregularteacher.com\/fr\/#organization","name":"The Irregular Teacher","url":"https:\/\/irregularteacher.com\/fr\/","logo":{"@type":"ImageObject","inLanguage":"fr-FR","@id":"https:\/\/irregularteacher.com\/fr\/#\/schema\/logo\/image\/","url":"https:\/\/irregularteacher.com\/wp-content\/uploads\/2024\/09\/66e56c3a0ccca_IMAGEN-THEIRREGULARTEACHER.png","contentUrl":"https:\/\/irregularteacher.com\/wp-content\/uploads\/2024\/09\/66e56c3a0ccca_IMAGEN-THEIRREGULARTEACHER.png","width":799,"height":799,"caption":"The Irregular Teacher"},"image":{"@id":"https:\/\/irregularteacher.com\/fr\/#\/schema\/logo\/image\/"}}]}},"_links":{"self":[{"href":"https:\/\/irregularteacher.com\/fr\/wp-json\/wp\/v2\/pages\/348","targetHints":{"allow":["GET"]}}],"collection":[{"href":"https:\/\/irregularteacher.com\/fr\/wp-json\/wp\/v2\/pages"}],"about":[{"href":"https:\/\/irregularteacher.com\/fr\/wp-json\/wp\/v2\/types\/page"}],"author":[{"embeddable":true,"href":"https:\/\/irregularteacher.com\/fr\/wp-json\/wp\/v2\/users\/1"}],"replies":[{"embeddable":true,"href":"https:\/\/irregularteacher.com\/fr\/wp-json\/wp\/v2\/comments?post=348"}],"version-history":[{"count":6,"href":"https:\/\/irregularteacher.com\/fr\/wp-json\/wp\/v2\/pages\/348\/revisions"}],"predecessor-version":[{"id":1543,"href":"https:\/\/irregularteacher.com\/fr\/wp-json\/wp\/v2\/pages\/348\/revisions\/1543"}],"wp:attachment":[{"href":"https:\/\/irregularteacher.com\/fr\/wp-json\/wp\/v2\/media?parent=348"}],"curies":[{"name":"wp","href":"https:\/\/api.w.org\/{rel}","templated":true}]}}